{"id":3123,"date":"2024-09-28T15:12:54","date_gmt":"2024-09-28T15:12:54","guid":{"rendered":"https:\/\/demo.rivaxstudio.com\/syron\/main\/?page_id=3123"},"modified":"2025-11-15T15:52:25","modified_gmt":"2025-11-15T15:52:25","slug":"kontakto","status":"publish","type":"page","link":"https:\/\/keshillaperjeten.al\/sq\/kontakto\/","title":{"rendered":"Kontakto"},"content":{"rendered":"<div data-elementor-type=\"wp-page\" data-elementor-id=\"3123\" class=\"elementor elementor-3123\" data-elementor-post-type=\"page\">\n\t\t\t\t<div class=\"elementor-element elementor-element-f5b87e6 e-flex e-con-boxed e-con e-parent\" data-id=\"f5b87e6\" data-element_type=\"container\">\n\t\t\t\t\t<div class=\"e-con-inner\">\n\t\t<div class=\"elementor-element elementor-element-12acdab e-con-full e-flex e-con e-child\" data-id=\"12acdab\" data-element_type=\"container\">\n\t\t<div class=\"elementor-element elementor-element-828f175 e-con-full e-flex e-con e-child\" data-id=\"828f175\" data-element_type=\"container\" data-settings=\"{&quot;background_background&quot;:&quot;classic&quot;}\">\n\t\t\t\t<div class=\"elementor-element elementor-element-02e8746 elementor-widget elementor-widget-heading\" data-id=\"02e8746\" data-element_type=\"widget\" data-widget_type=\"heading.default\">\n\t\t\t\t\t<span class=\"elementor-heading-title elementor-size-default\">Kontakto<\/span>\t\t\t\t<\/div>\n\t\t\t\t<div class=\"elementor-element elementor-element-8e95821 elementor-widget elementor-widget-heading\" data-id=\"8e95821\" data-element_type=\"widget\" data-widget_type=\"heading.default\">\n\t\t\t\t\t<h6 class=\"elementor-heading-title elementor-size-default\">P\u00ebr \u00e7do pyetje....<\/h6>\t\t\t\t<\/div>\n\t\t\t\t<\/div>\n\t\t\t\t<div class=\"elementor-element elementor-element-22b734b elementor-widget rivax-advanced-heading-widget\" data-id=\"22b734b\" data-element_type=\"widget\" data-widget_type=\"rivax-advanced-heading.default\">\n\t\t\t\t<div class=\"elementor-widget-container\">\n\t\t\t\t\t\r\n<h2 class=\"rivax-advanced-heading-tag\">\r\n<span class=\"rivax-advanced-heading-wrap\" data-background-text=\"\">\r\n        <span class=\"rivax-advanced-heading-one\">Ke nj\u00eb tem\u00eb q\u00eb do t\u00eb trajtohet n\u00eb K\u00ebshillat e Jet\u00ebs? <\/span>\r\n                <span class=\"rivax-advanced-heading-three\">L\u00ebre mesazhin t\u00ebnd m\u00eb posht\u00eb!<\/span>\r\n        <span class=\"rivax-advanced-heading-border\"><\/span>\r\n<\/span>\r\n<\/h2>\t\t\t\t<\/div>\n\t\t\t\t<\/div>\n\t\t\t\t<div class=\"elementor-element elementor-element-2136cd1 elementor-widget__width-initial elementor-widget elementor-widget-text-editor\" data-id=\"2136cd1\" data-element_type=\"widget\" data-widget_type=\"text-editor.default\">\n\t\t\t\t\t\t\t\t\t<p data-start=\"1112\" data-end=\"1331\">N\u00ebse ke pyetje rreth sh\u00ebndetit, ushqimeve, simptomave, ose k\u00ebrkon informacion t\u00eb sakt\u00eb dhe t\u00eb thjesht\u00eb \u2014 m\u00eb shkruaj. Jam k\u00ebtu p\u00ebr t\u00eb ndar\u00eb dije t\u00eb dobishme dhe p\u00ebr t\u00eb krijuar p\u00ebrmbajtje q\u00eb t\u00eb sh\u00ebrben ty dhe komunitetit.<\/p>\t\t\t\t\t\t\t\t<\/div>\n\t\t\t\t<\/div>\n\t\t<div class=\"elementor-element elementor-element-d29cb46 e-con-full e-flex e-con e-child\" data-id=\"d29cb46\" data-element_type=\"container\">\n\t\t\t\t<div class=\"elementor-element elementor-element-7d40136 elementor-widget rivax-contact-form-widget\" data-id=\"7d40136\" data-element_type=\"widget\" data-widget_type=\"rivax-contact-form.default\">\n\t\t\t\t<div class=\"elementor-widget-container\">\n\t\t\t\t\t\r\n<div class=\"rivax-contact-form-wrapper\">\r\n    <form method=\"post\" class=\"rivax-contact-form\" action=\"\">\r\n        <div class=\"fields-wrapper\">\r\n            <div class=\"field-wrap first-name-wrap\">\r\n                                <input type=\"text\" placeholder=\"Emri\" name=\"first-name\" id=\"first-name\" required>\r\n            <\/div>\r\n                        <div class=\"field-wrap last-name-wrap\">\r\n                                <input type=\"text\" placeholder=\"Mbiemri\" name=\"last-name\" id=\"last-name\" required>\r\n            <\/div>\r\n                        <div class=\"field-wrap email-wrap\">\r\n                                <input type=\"email\" placeholder=\"Email\" name=\"email\" id=\"email\" required>\r\n            <\/div>\r\n                        <div class=\"field-wrap message-wrap\">\r\n                                <textarea placeholder=\"Mesazhi juaj\" name=\"message\" id=\"message\" cols=\"30\" rows=\"10\" minlength=\"5\" required><\/textarea>\r\n            <\/div>\r\n        <\/div>\r\n        <div class=\"submit-wrapper\">\r\n            <button type=\"submit\" class=\"button submit-btn\">D\u00ebrgo <span class=\"btn-loading-bar\"><\/span><\/button>\r\n        <\/div>\r\n    <input type=\"hidden\" name=\"trp-form-language\" value=\"sq\"\/><\/form>\r\n    <div class=\"msg-wrapper\">\r\n        <span class=\"msg\" data-success=\"Faleminderit. Mesazhi juaj u d\u00ebrgua me sukses.\" data-error=\"Ndodhi nj\u00eb gabim! Ju lutemi provoni p\u00ebrs\u00ebri.\" data-fill=\"Ju lutemi plot\u00ebsoni t\u00eb gjitha fushat.\"><\/span>\r\n    <\/div>\r\n<\/div>\t\t\t\t<\/div>\n\t\t\t\t<\/div>\n\t\t\t\t<\/div>\n\t\t\t\t\t<\/div>\n\t\t\t\t<\/div>\n\t\t\t\t<\/div>","protected":false},"excerpt":{"rendered":"<p>Kontakto P\u00ebr \u00e7do pyetje&#8230;. Ke nj\u00eb tem\u00eb q\u00eb do t\u00eb trajtohet n\u00eb K\u00ebshillat e Jet\u00ebs? L\u00ebre mesazhin t\u00ebnd m\u00eb posht\u00eb! N\u00ebse ke pyetje rreth sh\u00ebndetit, ushqimeve, simptomave, ose k\u00ebrkon informacion t\u00eb sakt\u00eb dhe t\u00eb thjesht\u00eb \u2014 m\u00eb shkruaj. Jam k\u00ebtu p\u00ebr t\u00eb ndar\u00eb dije t\u00eb dobishme dhe p\u00ebr t\u00eb krijuar p\u00ebrmbajtje q\u00eb t\u00eb sh\u00ebrben ty [&hellip;]<\/p>","protected":false},"author":1,"featured_media":0,"parent":0,"menu_order":0,"comment_status":"closed","ping_status":"closed","template":"","meta":{"footnotes":""},"class_list":["post-3123","page","type-page","status-publish","hentry"],"_links":{"self":[{"href":"https:\/\/keshillaperjeten.al\/sq\/wp-json\/wp\/v2\/pages\/3123","targetHints":{"allow":["GET"]}}],"collection":[{"href":"https:\/\/keshillaperjeten.al\/sq\/wp-json\/wp\/v2\/pages"}],"about":[{"href":"https:\/\/keshillaperjeten.al\/sq\/wp-json\/wp\/v2\/types\/page"}],"author":[{"embeddable":true,"href":"https:\/\/keshillaperjeten.al\/sq\/wp-json\/wp\/v2\/users\/1"}],"replies":[{"embeddable":true,"href":"https:\/\/keshillaperjeten.al\/sq\/wp-json\/wp\/v2\/comments?post=3123"}],"version-history":[{"count":4,"href":"https:\/\/keshillaperjeten.al\/sq\/wp-json\/wp\/v2\/pages\/3123\/revisions"}],"predecessor-version":[{"id":4981,"href":"https:\/\/keshillaperjeten.al\/sq\/wp-json\/wp\/v2\/pages\/3123\/revisions\/4981"}],"wp:attachment":[{"href":"https:\/\/keshillaperjeten.al\/sq\/wp-json\/wp\/v2\/media?parent=3123"}],"curies":[{"name":"wp","href":"https:\/\/api.w.org\/{rel}","templated":true}]}}